{"id":82,"date":"2023-05-12T21:52:13","date_gmt":"2023-05-12T19:52:13","guid":{"rendered":"https:\/\/baby-heart.fr\/?page_id=82"},"modified":"2023-07-10T11:48:46","modified_gmt":"2023-07-10T09:48:46","slug":"mentions-legales","status":"publish","type":"page","link":"https:\/\/baby-heart.fr\/?page_id=82","title":{"rendered":"Mentions l\u00e9gales"},"content":{"rendered":"\n<div style=\"height:25px\" aria-hidden=\"true\" class=\"wp-block-spacer\"><\/div>\n\n\n\n<figure class=\"wp-block-image aligncenter size-full is-resized\"><img decoding=\"async\" loading=\"lazy\" src=\"https:\/\/baby-heart.fr\/wp-content\/uploads\/2023\/05\/03_txt_mentionslegales.png\" alt=\"Mentions l\u00e9gales\" class=\"wp-image-127\" width=\"447\" height=\"99\" srcset=\"https:\/\/baby-heart.fr\/wp-content\/uploads\/2023\/05\/03_txt_mentionslegales.png 894w, https:\/\/baby-heart.fr\/wp-content\/uploads\/2023\/05\/03_txt_mentionslegales-300x66.png 300w, https:\/\/baby-heart.fr\/wp-content\/uploads\/2023\/05\/03_txt_mentionslegales-768x170.png 768w, https:\/\/baby-heart.fr\/wp-content\/uploads\/2023\/05\/03_txt_mentionslegales-600x133.png 600w\" sizes=\"(max-width: 447px) 100vw, 447px\" \/><\/figure>\n\n\n\n<figure class=\"wp-block-image aligncenter size-full is-resized\"><img decoding=\"async\" loading=\"lazy\" src=\"https:\/\/baby-heart.fr\/wp-content\/uploads\/2023\/05\/02_ornament.png\" alt=\"\" class=\"wp-image-22\" width=\"448\" height=\"55\" srcset=\"https:\/\/baby-heart.fr\/wp-content\/uploads\/2023\/05\/02_ornament.png 895w, https:\/\/baby-heart.fr\/wp-content\/uploads\/2023\/05\/02_ornament-300x37.png 300w, https:\/\/baby-heart.fr\/wp-content\/uploads\/2023\/05\/02_ornament-768x94.png 768w, https:\/\/baby-heart.fr\/wp-content\/uploads\/2023\/05\/02_ornament-600x73.png 600w\" sizes=\"(max-width: 448px) 100vw, 448px\" \/><\/figure>\n\n\n\n<p class=\"text-justify\">Conform\u00e9ment aux dispositions de la loi n\u00b0 2004 &#8211; 575 du 21 juin 2004 pour la confiance en l&#8217;\u00e9conomie num\u00e9rique, il est pr\u00e9cis\u00e9 aux utilisateurs du site baby-heart.fr, l&#8217;identit\u00e9 des diff\u00e9rents intervenants dans le cadre de sa r\u00e9alisation et de son suivi.<\/p>\n\n\n\n<div style=\"height:25px\" aria-hidden=\"true\" class=\"wp-block-spacer\"><\/div>\n\n\n\n<h4 class=\"wp-block-heading\">EDITION DU SITE<\/h4>\n\n\n\n<p><strong>NETM MARKET<\/strong><br>RCS Vienne A 894 255 108<br>SIRET : 89425510800017<br>Code NAF : Vente \u00e0 distance sur catalogue g\u00e9n\u00e9ral (4791A)<br>TVA intracommunautaire : FR58894255108<\/p>\n\n\n\n<p><strong>Si\u00e8ge social<\/strong><br>7 All\u00e9es des Roseaux<br>38090 VILLEFONTAINE<\/p>\n\n\n\n<p><strong>Responsable de la publication<\/strong><br>Mme Nassima ADRIOUI<\/p>\n\n\n\n<p><strong>R\u00e9alisation du site<\/strong><br>Mme Aude PONS<br>Instagram : <a href=\"https:\/\/www.instagram.com\/pro.audepons\/\" target=\"_blank\" rel=\"noopener\" title=\"\">@pro.audepons<\/a><br>E-mail : <a href=\"mailto:pro.audepons@gmail.com\" title=\"\">pro.audepons@gmail.com<\/a><\/p>\n\n\n\n<div style=\"height:25px\" aria-hidden=\"true\" class=\"wp-block-spacer\"><\/div>\n\n\n\n<h4 class=\"wp-block-heading\">HEBERGEMENT DU SITE<\/h4>\n\n\n\n<p class=\"text-justify\">L&#8217;h\u00e9bergement du site baby-heart.fr est r\u00e9alis\u00e9 par la soci\u00e9t\u00e9 HOSTINGER INTERNATIONAL LTD, dont le si\u00e8ge social est situ\u00e9 \u00e0 l&#8217;adresse 61 Lordou Vironos Street 6023 Larnaca Chypre.<\/p>\n\n\n\n<div style=\"height:25px\" aria-hidden=\"true\" class=\"wp-block-spacer\"><\/div>\n\n\n\n<figure class=\"wp-block-image aligncenter size-full\"><img decoding=\"async\" loading=\"lazy\" width=\"436\" height=\"188\" src=\"https:\/\/baby-heart.fr\/wp-content\/uploads\/2023\/05\/BH_crocodile.png\" alt=\"\" class=\"wp-image-147\" srcset=\"https:\/\/baby-heart.fr\/wp-content\/uploads\/2023\/05\/BH_crocodile.png 436w, https:\/\/baby-heart.fr\/wp-content\/uploads\/2023\/05\/BH_crocodile-300x129.png 300w\" sizes=\"(max-width: 436px) 100vw, 436px\" \/><\/figure>\n","protected":false},"excerpt":{"rendered":"<p>Conform\u00e9ment aux dispositions de la loi n\u00b0 2004 &#8211; 575 du 21 juin 2004 pour la confiance en l&#8217;\u00e9conomie num\u00e9rique, il est pr\u00e9cis\u00e9 aux utilisateurs du site baby-heart.fr, l&#8217;identit\u00e9 des diff\u00e9rents intervenants dans le cadre de sa r\u00e9alisation et de son suivi. EDITION DU SITE NETM MARKETRCS Vienne A 894 255 108SIRET : 89425510800017Code NAF &hellip;<\/p>\n<p class=\"read-more\"> <a class=\"\" href=\"https:\/\/baby-heart.fr\/?page_id=82\"> <span class=\"screen-reader-text\">Mentions l\u00e9gales<\/span> Lire la suite\u00a0\u00bb<\/a><\/p>\n","protected":false},"author":1,"featured_media":0,"parent":0,"menu_order":0,"comment_status":"closed","ping_status":"closed","template":"","meta":{"om_disable_all_campaigns":false,"_uag_custom_page_level_css":"","_monsterinsights_skip_tracking":false,"_monsterinsights_sitenote_active":false,"_monsterinsights_sitenote_note":"","_monsterinsights_sitenote_category":0,"site-sidebar-layout":"default","site-content-layout":"","ast-site-content-layout":"","site-content-style":"default","site-sidebar-style":"default","ast-global-header-display":"","ast-banner-title-visibility":"","ast-main-header-display":"","ast-hfb-above-header-display":"","ast-hfb-below-header-display":"","ast-hfb-mobile-header-display":"","site-post-title":"","ast-breadcrumbs-content":"","ast-featured-img":"","footer-sml-layout":"","theme-transparent-header-meta":"","adv-header-id-meta":"","stick-header-meta":"","header-above-stick-meta":"","header-main-stick-meta":"","header-below-stick-meta":"","astra-migrate-meta-layouts":"","footnotes":""},"aioseo_notices":[],"jetpack_sharing_enabled":true,"uagb_featured_image_src":{"full":false,"thumbnail":false,"medium":false,"medium_large":false,"large":false,"1536x1536":false,"2048x2048":false,"woocommerce_thumbnail":false,"woocommerce_single":false,"woocommerce_gallery_thumbnail":false},"uagb_author_info":{"display_name":"nassima.elkharbaoui@hotmail.fr","author_link":"https:\/\/baby-heart.fr\/?author=1"},"uagb_comment_info":0,"uagb_excerpt":"Conform\u00e9ment aux dispositions de la loi n\u00b0 2004 &#8211; 575 du 21 juin 2004 pour la confiance en l&#8217;\u00e9conomie num\u00e9rique, il est pr\u00e9cis\u00e9 aux utilisateurs du site baby-heart.fr, l&#8217;identit\u00e9 des diff\u00e9rents intervenants dans le cadre de sa r\u00e9alisation et de son suivi. EDITION DU SITE NETM MARKETRCS Vienne A 894 255 108SIRET : 89425510800017Code NAF\u2026","_links":{"self":[{"href":"https:\/\/baby-heart.fr\/index.php?rest_route=\/wp\/v2\/pages\/82"}],"collection":[{"href":"https:\/\/baby-heart.fr\/index.php?rest_route=\/wp\/v2\/pages"}],"about":[{"href":"https:\/\/baby-heart.fr\/index.php?rest_route=\/wp\/v2\/types\/page"}],"author":[{"embeddable":true,"href":"https:\/\/baby-heart.fr\/index.php?rest_route=\/wp\/v2\/users\/1"}],"replies":[{"embeddable":true,"href":"https:\/\/baby-heart.fr\/index.php?rest_route=%2Fwp%2Fv2%2Fcomments&post=82"}],"version-history":[{"count":18,"href":"https:\/\/baby-heart.fr\/index.php?rest_route=\/wp\/v2\/pages\/82\/revisions"}],"predecessor-version":[{"id":617,"href":"https:\/\/baby-heart.fr\/index.php?rest_route=\/wp\/v2\/pages\/82\/revisions\/617"}],"wp:attachment":[{"href":"https:\/\/baby-heart.fr\/index.php?rest_route=%2Fwp%2Fv2%2Fmedia&parent=82"}],"curies":[{"name":"wp","href":"https:\/\/api.w.org\/{rel}","templated":true}]}}