{"id":77,"date":"2023-05-12T21:45:12","date_gmt":"2023-05-12T19:45:12","guid":{"rendered":"https:\/\/baby-heart.fr\/?post_type=product&#038;p=77"},"modified":"2024-01-16T18:03:54","modified_gmt":"2024-01-16T17:03:54","slug":"jsl-t501-fetal-doppler","status":"publish","type":"product","link":"https:\/\/baby-heart.fr\/?product=jsl-t501-fetal-doppler","title":{"rendered":"Doppler Foetal [JSL-T501]"},"content":{"rendered":"<h4><img decoding=\"async\" loading=\"lazy\" class=\"alignnone wp-image-253\" src=\"https:\/\/baby-heart.fr\/wp-content\/uploads\/2023\/05\/information-300x300.png\" alt=\"\" width=\"34\" height=\"34\" srcset=\"https:\/\/baby-heart.fr\/wp-content\/uploads\/2023\/05\/information-300x300.png 300w, https:\/\/baby-heart.fr\/wp-content\/uploads\/2023\/05\/information-150x150.png 150w, https:\/\/baby-heart.fr\/wp-content\/uploads\/2023\/05\/information-100x100.png 100w, https:\/\/baby-heart.fr\/wp-content\/uploads\/2023\/05\/information.png 512w\" sizes=\"(max-width: 34px) 100vw, 34px\" \/> Le Doppler BabyHeart<\/h4>\n<ul>\n<li>Combien de parents inquiets durant les premiers mois de grossesse ?<\/li>\n<li>Combien de futures mamans s&#8217;affolent lorsqu&#8217;elles ne sentent plus b\u00e9b\u00e9 bouger ?<\/li>\n<li>Combien de futurs parents attendent des heures pour enfin sentir le petit coup de pied rassurant de leur petit bout ?<\/li>\n<li>Combien d&#8217;aller retour aux urgences inutiles pour v\u00e9rifier que le c\u0153ur bat toujours ?<\/li>\n<li>Combien de temps \u00e0 attendre le prochain rendez-vous avec le professionnel de sant\u00e9 pour \u00eatre enfin rassur\u00e9 ?<\/li>\n<\/ul>\n<p>C&#8217;est pour r\u00e9pondre \u00e0 toutes ces question que la marque BabyHeart vous propose ce doppler f\u0153tal portable. Nous remarquons en effet une augmentation de la demande d\u00fb \u00e0\u00a0 \u00e0 l&#8217;angoisse des parents de voir la grossesse s&#8217;arr\u00eater subitement. Les complications d\u00fb \u00e0 la grossesse sont en forte augmentation (diab\u00e8te gestationnel, malformation du f\u0153tus, \u00e9clampsie; menace d&#8217;accouchement pr\u00e9matur\u00e9, &#8230;). Toutes ces menaces qui p\u00e8sent sur votre enfant vous apporte un stress permanent notamment lorsque vous subissez une grossesse plus suivie que la normale.<\/p>\n<h4><img decoding=\"async\" loading=\"lazy\" class=\"alignnone wp-image-255\" src=\"https:\/\/baby-heart.fr\/wp-content\/uploads\/2023\/05\/bonus-300x300.png\" alt=\"\" width=\"34\" height=\"34\" srcset=\"https:\/\/baby-heart.fr\/wp-content\/uploads\/2023\/05\/bonus-300x300.png 300w, https:\/\/baby-heart.fr\/wp-content\/uploads\/2023\/05\/bonus-150x150.png 150w, https:\/\/baby-heart.fr\/wp-content\/uploads\/2023\/05\/bonus-100x100.png 100w, https:\/\/baby-heart.fr\/wp-content\/uploads\/2023\/05\/bonus.png 512w\" sizes=\"(max-width: 34px) 100vw, 34px\" \/> Gel \u00e0 ultrasons fourni dans la bo\u00eete<\/h4>\n<p>Pour un meilleur confort d&#8217;utilisation, BabyHeart vous offre un tube de gel \u00e0 ultrasons de 250ml. Il est indispensable car il permet les transmissions sonores pour entendre battre le c\u0153ur du b\u00e9b\u00e9.<\/p>\n<h4><img decoding=\"async\" loading=\"lazy\" class=\"alignnone wp-image-252\" src=\"https:\/\/baby-heart.fr\/wp-content\/uploads\/2023\/05\/medical-team-300x300.png\" alt=\"\" width=\"34\" height=\"34\" srcset=\"https:\/\/baby-heart.fr\/wp-content\/uploads\/2023\/05\/medical-team-300x300.png 300w, https:\/\/baby-heart.fr\/wp-content\/uploads\/2023\/05\/medical-team-150x150.png 150w, https:\/\/baby-heart.fr\/wp-content\/uploads\/2023\/05\/medical-team-100x100.png 100w, https:\/\/baby-heart.fr\/wp-content\/uploads\/2023\/05\/medical-team.png 512w\" sizes=\"(max-width: 34px) 100vw, 34px\" \/> Appareil innovant &amp; rassurant<\/h4>\n<p>Cet appareil est un dispositif m\u00e9dical propos\u00e9 en format portable pour rassurer les futures mamans avant tout. <strong>Attention, en aucun cas il ne remplacera une consultation chez un professionnel de sant\u00e9<\/strong>. Il est conforme aux exigences europ\u00e9ennes CE et est sans danger pour votre b\u00e9b\u00e9.<\/p>\n<h4><img decoding=\"async\" loading=\"lazy\" class=\"alignnone wp-image-257\" src=\"https:\/\/baby-heart.fr\/wp-content\/uploads\/2023\/05\/france-300x300.png\" alt=\"\" width=\"34\" height=\"34\" srcset=\"https:\/\/baby-heart.fr\/wp-content\/uploads\/2023\/05\/france-300x300.png 300w, https:\/\/baby-heart.fr\/wp-content\/uploads\/2023\/05\/france-150x150.png 150w, https:\/\/baby-heart.fr\/wp-content\/uploads\/2023\/05\/france-100x100.png 100w, https:\/\/baby-heart.fr\/wp-content\/uploads\/2023\/05\/france.png 512w\" sizes=\"(max-width: 34px) 100vw, 34px\" \/> Entreprise &amp; Marque fran\u00e7aise<\/h4>\n<p>Nous nous effor\u00e7ons de r\u00e9pondre \u00e0 toutes les questions relatives au produit et au service et nous nous engageons \u00e0 offrir la meilleure exp\u00e9rience possible \u00e0 tous nos clients. Nous offrons un service client rapide et satisfaisant. 45 jours de remboursement et 1 an de garantie vous sont offerts pour un achat en toute confiance.<\/p>\n<h4><img decoding=\"async\" loading=\"lazy\" class=\"alignnone wp-image-254\" src=\"https:\/\/baby-heart.fr\/wp-content\/uploads\/2023\/05\/guide-book-300x300.png\" alt=\"\" width=\"34\" height=\"34\" srcset=\"https:\/\/baby-heart.fr\/wp-content\/uploads\/2023\/05\/guide-book-300x300.png 300w, https:\/\/baby-heart.fr\/wp-content\/uploads\/2023\/05\/guide-book-150x150.png 150w, https:\/\/baby-heart.fr\/wp-content\/uploads\/2023\/05\/guide-book-100x100.png 100w, https:\/\/baby-heart.fr\/wp-content\/uploads\/2023\/05\/guide-book.png 512w\" sizes=\"(max-width: 34px) 100vw, 34px\" \/> Comment utiliser notre doppler ?<\/h4>\n<ul>\n<li>Ouvrez la bo\u00eete et branchez la sonde \u00e0 l&#8217;appareil.<\/li>\n<li>Ins\u00e9rez vos piles.<\/li>\n<li>Disposez un peu de gel sur votre sonde.<\/li>\n<li>Cherchez le c\u0153ur du b\u00e9b\u00e9 en promenant la sonde sur votre ventre avec des mouvements circulaires.<\/li>\n<li>Une fois le c\u0153ur localis\u00e9, restez immobile.<\/li>\n<li>R\u00e9glez le son \u00e0 l&#8217;aide des deux boutons haut et bas.<\/li>\n<\/ul>\n","protected":false},"excerpt":{"rendered":"<p>Il vous sera d\u00e9sormais possible d&#8217;\u00e9couter les battements de c\u0153ur de votre b\u00e9b\u00e9 \u00e0 partir de la douzi\u00e8me semaine de grossesse !<\/p>\n<p>Optez pour des moments privil\u00e9gi\u00e9s qui rendront l&#8217;arriv\u00e9e de votre b\u00e9b\u00e9 plus concr\u00e8te et vous permettront d\u00e9j\u00e0 de tisser des liens avec votre enfants avant m\u00eame sa venue au monde. Plus besoin d&#8217;attendre votre rendez-vous pour \u00eatre rassur\u00e9. Le son que vous attendez le plus avant m\u00eame le premier cri de naissance est \u00e0 port\u00e9e de main.<\/p>\n<p>Simple d&#8217;utilisation, vous pourrez r\u00e9gler le volume du haut parleur. Il vous sera m\u00eame possible de brancher des \u00e9couteurs pour une \u00e9coute plus discr\u00e8te.<\/p>\n","protected":false},"featured_media":710,"comment_status":"open","ping_status":"closed","template":"","meta":{"om_disable_all_campaigns":false,"_uag_custom_page_level_css":"","_monsterinsights_skip_tracking":false,"_monsterinsights_sitenote_active":false,"_monsterinsights_sitenote_note":"","_monsterinsights_sitenote_category":0,"site-sidebar-layout":"default","site-content-layout":"default","ast-site-content-layout":"","site-content-style":"default","site-sidebar-style":"default","ast-global-header-display":"","ast-banner-title-visibility":"","ast-main-header-display":"","ast-hfb-above-header-display":"","ast-hfb-below-header-display":"","ast-hfb-mobile-header-display":"","site-post-title":"","ast-breadcrumbs-content":"","ast-featured-img":"","footer-sml-layout":"","theme-transparent-header-meta":"default","adv-header-id-meta":"","stick-header-meta":"","header-above-stick-meta":"","header-main-stick-meta":"","header-below-stick-meta":"","astra-migrate-meta-layouts":""},"product_cat":[25],"product_tag":[],"aioseo_notices":[],"jetpack_sharing_enabled":true,"uagb_featured_image_src":{"full":["https:\/\/baby-heart.fr\/wp-content\/uploads\/2023\/05\/BH_img_product_01.png",1080,1080,false],"thumbnail":["https:\/\/baby-heart.fr\/wp-content\/uploads\/2023\/05\/BH_img_product_01-150x150.png",150,150,true],"medium":["https:\/\/baby-heart.fr\/wp-content\/uploads\/2023\/05\/BH_img_product_01-300x300.png",300,300,true],"medium_large":["https:\/\/baby-heart.fr\/wp-content\/uploads\/2023\/05\/BH_img_product_01-768x768.png",768,768,true],"large":["https:\/\/baby-heart.fr\/wp-content\/uploads\/2023\/05\/BH_img_product_01-1024x1024.png",1024,1024,true],"1536x1536":["https:\/\/baby-heart.fr\/wp-content\/uploads\/2023\/05\/BH_img_product_01.png",1080,1080,false],"2048x2048":["https:\/\/baby-heart.fr\/wp-content\/uploads\/2023\/05\/BH_img_product_01.png",1080,1080,false],"woocommerce_thumbnail":["https:\/\/baby-heart.fr\/wp-content\/uploads\/2023\/05\/BH_img_product_01-300x300.png",300,300,true],"woocommerce_single":["https:\/\/baby-heart.fr\/wp-content\/uploads\/2023\/05\/BH_img_product_01-600x600.png",600,600,true],"woocommerce_gallery_thumbnail":["https:\/\/baby-heart.fr\/wp-content\/uploads\/2023\/05\/BH_img_product_01-100x100.png",100,100,true]},"uagb_author_info":{"display_name":"nassima.elkharbaoui@hotmail.fr","author_link":"https:\/\/baby-heart.fr\/?author=0"},"uagb_comment_info":0,"uagb_excerpt":"Il vous sera d\u00e9sormais possible d'\u00e9couter les battements de c\u0153ur de votre b\u00e9b\u00e9 \u00e0 partir de la douzi\u00e8me semaine de grossesse ! Optez pour des moments privil\u00e9gi\u00e9s qui rendront l'arriv\u00e9e de votre b\u00e9b\u00e9 plus concr\u00e8te et vous permettront d\u00e9j\u00e0 de tisser des liens avec votre enfants avant m\u00eame sa venue au monde. Plus besoin d'attendre\u2026","_links":{"self":[{"href":"https:\/\/baby-heart.fr\/index.php?rest_route=\/wp\/v2\/product\/77"}],"collection":[{"href":"https:\/\/baby-heart.fr\/index.php?rest_route=\/wp\/v2\/product"}],"about":[{"href":"https:\/\/baby-heart.fr\/index.php?rest_route=\/wp\/v2\/types\/product"}],"replies":[{"embeddable":true,"href":"https:\/\/baby-heart.fr\/index.php?rest_route=%2Fwp%2Fv2%2Fcomments&post=77"}],"wp:featuredmedia":[{"embeddable":true,"href":"https:\/\/baby-heart.fr\/index.php?rest_route=\/wp\/v2\/media\/710"}],"wp:attachment":[{"href":"https:\/\/baby-heart.fr\/index.php?rest_route=%2Fwp%2Fv2%2Fmedia&parent=77"}],"wp:term":[{"taxonomy":"product_cat","embeddable":true,"href":"https:\/\/baby-heart.fr\/index.php?rest_route=%2Fwp%2Fv2%2Fproduct_cat&post=77"},{"taxonomy":"product_tag","embeddable":true,"href":"https:\/\/baby-heart.fr\/index.php?rest_route=%2Fwp%2Fv2%2Fproduct_tag&post=77"}],"curies":[{"name":"wp","href":"https:\/\/api.w.org\/{rel}","templated":true}]}}